{"id":224,"date":"2023-01-03T21:31:38","date_gmt":"2023-01-03T21:31:38","guid":{"rendered":"http:\/\/christiantenzler.com\/?page_id=224"},"modified":"2023-12-26T11:19:06","modified_gmt":"2023-12-26T11:19:06","slug":"kaffee","status":"publish","type":"page","link":"https:\/\/christiantenzler.com\/en\/kaffee\/","title":{"rendered":"Coffee"},"content":{"rendered":"<div data-elementor-type=\"wp-page\" data-elementor-id=\"224\" class=\"elementor elementor-224\">\n\t\t\t\t\t\t<section class=\"elementor-section elementor-top-section elementor-element elementor-element-269064c elementor-section-boxed elementor-section-height-default elementor-section-height-default\" data-id=\"269064c\" data-element_type=\"section\">\n\t\t\t\t\t\t<div class=\"elementor-container elementor-column-gap-default\">\n\t\t\t\t\t<div class=\"elementor-column elementor-col-66 elementor-top-column elementor-element elementor-element-e8a1818\" data-id=\"e8a1818\" data-element_type=\"column\">\n\t\t\t<div class=\"elementor-widget-wrap elementor-element-populated\">\n\t\t\t\t\t\t<div class=\"elementor-element elementor-element-0f8add4 elementor-hidden-tablet elementor-hidden-mobile elementor-widget elementor-widget-spacer\" data-id=\"0f8add4\" data-element_type=\"widget\" data-widget_type=\"spacer.default\">\n\t\t\t\t<div class=\"elementor-widget-container\">\n\t\t\t\t\t\t\t<div class=\"elementor-spacer\">\n\t\t\t<div class=\"elementor-spacer-inner\"><\/div>\n\t\t<\/div>\n\t\t\t\t\t\t<\/div>\n\t\t\t\t<\/div>\n\t\t\t\t<div class=\"elementor-element elementor-element-79a478e elementor-widget elementor-widget-text-editor\" data-id=\"79a478e\" data-element_type=\"widget\" data-widget_type=\"text-editor.default\">\n\t\t\t\t<div class=\"elementor-widget-container\">\n\t\t\t\t\t\t\t\t\t<p><span style=\"font-size: 18px;\">In collaboration with the Kaffemanufaktur W\u00fcrzburg, I offer introductory courses and advanced workshops in different coffee disciplines such as espresso, latte art (barista skills), and brewing. Additionally, we conduct personalized training and consulting sessions for our clients.<\/span><\/p>\n<p><span style=\"font-size: 18px;\">Find out about our offerings here (external links):<\/span><\/p>\n<p><span style=\"font-size: 18px;\">&nbsp;<\/span><\/p>\n<p><a href=\"https:\/\/www.kaffeemanufaktur-wuerzburg.de\/seminare\/\" target=\"_blank\" rel=\"noopener\">Kaffeeseminar<\/a><\/p>\n<p><a href=\"https:\/\/www.kaffeemanufaktur-wuerzburg.de\/espresso-workshop\/\" target=\"_blank\" rel=\"noopener\">Espresso Workshop<\/a><\/p>\n<p><a href=\"https:\/\/www.kaffeemanufaktur-wuerzburg.de\/latte-art-i\/\" target=\"_blank\" rel=\"noopener\">Latte Art Workshop<\/a><\/p>\n<p><a href=\"https:\/\/www.kaffeemanufaktur-wuerzburg.de\/brewing-workshop\/\" target=\"_blank\">Brewing Workshop<\/a><br><\/p>\n<p><a href=\"https:\/\/www.kaffeemanufaktur-wuerzburg.de\/individueller-workshop\/\" target=\"_blank\">Consulting<\/a><br><\/p>\n<p><span style=\"font-size: large;\">&nbsp;<\/span><\/p>\n<p><span style=\"font-size: large;\">Or hit me up <\/span><a style=\"font-size: 1.1em;\" href=\"mailto:coffee@christiantenzler.com\">via E-Mail<\/a><span style=\"font-size: large;\">.<\/span><\/p>\t\t\t\t\t\t\t\t<\/div>\n\t\t\t\t<\/div>\n\t\t\t\t\t<\/div>\n\t\t<\/div>\n\t\t\t\t<div class=\"elementor-column elementor-col-33 elementor-top-column elementor-element elementor-element-3d26ab6\" data-id=\"3d26ab6\" data-element_type=\"column\">\n\t\t\t<div class=\"elementor-widget-wrap elementor-element-populated\">\n\t\t\t\t\t\t<div class=\"elementor-element elementor-element-a4784a2 elementor-hidden-tablet elementor-hidden-mobile elementor-widget elementor-widget-spacer\" data-id=\"a4784a2\" data-element_type=\"widget\" data-widget_type=\"spacer.default\">\n\t\t\t\t<div class=\"elementor-widget-container\">\n\t\t\t\t\t\t\t<div class=\"elementor-spacer\">\n\t\t\t<div class=\"elementor-spacer-inner\"><\/div>\n\t\t<\/div>\n\t\t\t\t\t\t<\/div>\n\t\t\t\t<\/div>\n\t\t\t\t<div class=\"elementor-element elementor-element-40b30b1 elementor-widget elementor-widget-image\" data-id=\"40b30b1\" data-element_type=\"widget\" data-widget_type=\"image.default\">\n\t\t\t\t<div class=\"elementor-widget-container\">\n\t\t\t\t\t\t\t\t\t\t\t\t\t\t\t<img fetchpriority=\"high\" decoding=\"async\" width=\"681\" height=\"1024\" src=\"https:\/\/christiantenzler.com\/wp-content\/uploads\/2023\/12\/374DD3AC-070C-4E81-9685-4CD5DC619BCB-681x1024.jpg\" class=\"attachment-large size-large wp-image-349\" alt=\"\" srcset=\"https:\/\/christiantenzler.com\/wp-content\/uploads\/2023\/12\/374DD3AC-070C-4E81-9685-4CD5DC619BCB-681x1024.jpg 681w, https:\/\/christiantenzler.com\/wp-content\/uploads\/2023\/12\/374DD3AC-070C-4E81-9685-4CD5DC619BCB-200x300.jpg 200w, https:\/\/christiantenzler.com\/wp-content\/uploads\/2023\/12\/374DD3AC-070C-4E81-9685-4CD5DC619BCB-8x12.jpg 8w, https:\/\/christiantenzler.com\/wp-content\/uploads\/2023\/12\/374DD3AC-070C-4E81-9685-4CD5DC619BCB.jpg 720w\" sizes=\"(max-width: 681px) 100vw, 681px\" \/>\t\t\t\t\t\t\t\t\t\t\t\t\t\t\t<\/div>\n\t\t\t\t<\/div>\n\t\t\t\t\t<\/div>\n\t\t<\/div>\n\t\t\t\t\t<\/div>\n\t\t<\/section>\n\t\t\t\t<\/div>","protected":false},"excerpt":{"rendered":"<p>\u00dcber die Kaffeemanufaktur W\u00fcrzburg biete ich Einf\u00fchrungsseminare und Workshops f\u00fcr Fortgeschrittene im Bereich Espresso, Latte Art (Barista Skills) und Brewing an. Au\u00dferdem f\u00fchren wir pers\u00f6nliche Trainings- und Beratungssessions bei unseren Kunden durch. Mehr zu den Angeboten gibt es hier (externe Links): &nbsp; Kaffeeseminar Espresso Workshop Latte Art Workshop Brewing Workshop Consulting &nbsp; Oder einfach eine [&hellip;]<\/p>","protected":false},"author":1,"featured_media":0,"parent":0,"menu_order":0,"comment_status":"closed","ping_status":"closed","template":"","meta":{"footnotes":""},"class_list":["post-224","page","type-page","status-publish","hentry"],"_links":{"self":[{"href":"https:\/\/christiantenzler.com\/en\/wp-json\/wp\/v2\/pages\/224","targetHints":{"allow":["GET"]}}],"collection":[{"href":"https:\/\/christiantenzler.com\/en\/wp-json\/wp\/v2\/pages"}],"about":[{"href":"https:\/\/christiantenzler.com\/en\/wp-json\/wp\/v2\/types\/page"}],"author":[{"embeddable":true,"href":"https:\/\/christiantenzler.com\/en\/wp-json\/wp\/v2\/users\/1"}],"replies":[{"embeddable":true,"href":"https:\/\/christiantenzler.com\/en\/wp-json\/wp\/v2\/comments?post=224"}],"version-history":[{"count":21,"href":"https:\/\/christiantenzler.com\/en\/wp-json\/wp\/v2\/pages\/224\/revisions"}],"predecessor-version":[{"id":370,"href":"https:\/\/christiantenzler.com\/en\/wp-json\/wp\/v2\/pages\/224\/revisions\/370"}],"wp:attachment":[{"href":"https:\/\/christiantenzler.com\/en\/wp-json\/wp\/v2\/media?parent=224"}],"curies":[{"name":"wp","href":"https:\/\/api.w.org\/{rel}","templated":true}]}}