{"id":438,"date":"2026-02-20T11:25:31","date_gmt":"2026-02-20T11:25:31","guid":{"rendered":"https:\/\/christiantenzler.com\/?page_id=438"},"modified":"2026-02-20T11:27:52","modified_gmt":"2026-02-20T11:27:52","slug":"impressum","status":"publish","type":"page","link":"https:\/\/christiantenzler.com\/en\/impressum\/","title":{"rendered":"Impressum"},"content":{"rendered":"<div data-elementor-type=\"wp-page\" data-elementor-id=\"438\" class=\"elementor elementor-438\">\n\t\t\t\t\t\t<section class=\"elementor-section elementor-top-section elementor-element elementor-element-e2aae3d elementor-section-boxed elementor-section-height-default elementor-section-height-default\" data-id=\"e2aae3d\" data-element_type=\"section\">\n\t\t\t\t\t\t<div class=\"elementor-container elementor-column-gap-default\">\n\t\t\t\t\t<div class=\"elementor-column elementor-col-100 elementor-top-column elementor-element elementor-element-fe14234\" data-id=\"fe14234\" data-element_type=\"column\">\n\t\t\t<div class=\"elementor-widget-wrap elementor-element-populated\">\n\t\t\t\t\t\t<div class=\"elementor-element elementor-element-6c5f952 elementor-widget elementor-widget-heading\" data-id=\"6c5f952\" data-element_type=\"widget\" data-widget_type=\"heading.default\">\n\t\t\t\t<div class=\"elementor-widget-container\">\n\t\t\t\t\t<h2 class=\"elementor-heading-title elementor-size-default\">Impressum<\/h2>\t\t\t\t<\/div>\n\t\t\t\t<\/div>\n\t\t\t\t\t<\/div>\n\t\t<\/div>\n\t\t\t\t\t<\/div>\n\t\t<\/section>\n\t\t\t\t<section class=\"elementor-section elementor-top-section elementor-element elementor-element-f71e681 elementor-section-boxed elementor-section-height-default elementor-section-height-default\" data-id=\"f71e681\" data-element_type=\"section\">\n\t\t\t\t\t\t<div class=\"elementor-container elementor-column-gap-default\">\n\t\t\t\t\t<div class=\"elementor-column elementor-col-100 elementor-top-column elementor-element elementor-element-50c8e29\" data-id=\"50c8e29\" data-element_type=\"column\">\n\t\t\t<div class=\"elementor-widget-wrap elementor-element-populated\">\n\t\t\t\t\t\t<div class=\"elementor-element elementor-element-72d43d5 elementor-widget elementor-widget-text-editor\" data-id=\"72d43d5\" data-element_type=\"widget\" data-widget_type=\"text-editor.default\">\n\t\t\t\t<div class=\"elementor-widget-container\">\n\t\t\t\t\t\t\t\t\t<p class=\"p1\"><b>Impressum<\/b><b><\/b><\/p><p class=\"p1\"><b>Angaben gem\u00e4\u00df \u00a7\u202f5 TMG \/ DDG:<\/b><b><\/b><\/p><p class=\"p3\">Christian Tenzler<\/p><p class=\"p3\">Gertraud\u2011Rostosky\u2011Str.\u202f61<\/p><p class=\"p3\">97082\u202fW\u00fcrzburg<\/p><p class=\"p3\">Deutschland<\/p><p class=\"p1\"><b>Kontakt:<\/b><b><\/b><\/p><p class=\"p3\">E-Mail: coffee@chrisiantenzler.com<\/p><p class=\"p1\"><b>Umsatzsteuer-ID:<\/b><b><\/b><\/p><p class=\"p3\">Keine vorhanden<\/p><p class=\"p1\"><b>Haftung f\u00fcr Inhalte externer Links:<\/b><b><\/b><\/p><p class=\"p3\">Trotz sorgf\u00e4ltiger inhaltlicher Kontrolle \u00fcbernehme ich keine Haftung f\u00fcr die Inhalte externer Links. F\u00fcr deren Inhalte sind ausschlie\u00dflich die Betreiber der verlinkten Seiten verantwortlich.<\/p><p class=\"p1\"><b>Datenschutzerkl\u00e4rung:<\/b><b><\/b><\/p><p class=\"p3\"><a href=\"https:\/\/christiantenzler.com\/datenschutzerklaerung\">https:\/\/christiantenzler.com\/datenschutzerklaerung<\/a><\/p>\t\t\t\t\t\t\t\t<\/div>\n\t\t\t\t<\/div>\n\t\t\t\t\t<\/div>\n\t\t<\/div>\n\t\t\t\t\t<\/div>\n\t\t<\/section>\n\t\t\t\t<\/div>","protected":false},"excerpt":{"rendered":"<p>Impressum Impressum Angaben gem\u00e4\u00df \u00a7\u202f5 TMG \/ DDG: Christian Tenzler Gertraud\u2011Rostosky\u2011Str.\u202f61 97082\u202fW\u00fcrzburg Deutschland Kontakt: E-Mail: coffee@chrisiantenzler.com Umsatzsteuer-ID: Keine vorhanden Haftung f\u00fcr Inhalte externer Links: Trotz sorgf\u00e4ltiger inhaltlicher Kontrolle \u00fcbernehme ich keine Haftung f\u00fcr die Inhalte externer Links. F\u00fcr deren Inhalte sind ausschlie\u00dflich die Betreiber der verlinkten Seiten verantwortlich. Datenschutzerkl\u00e4rung: https:\/\/christiantenzler.com\/datenschutzerklaerung<\/p>","protected":false},"author":1,"featured_media":0,"parent":0,"menu_order":0,"comment_status":"closed","ping_status":"closed","template":"","meta":{"footnotes":""},"class_list":["post-438","page","type-page","status-publish","hentry"],"_links":{"self":[{"href":"https:\/\/christiantenzler.com\/en\/wp-json\/wp\/v2\/pages\/438","targetHints":{"allow":["GET"]}}],"collection":[{"href":"https:\/\/christiantenzler.com\/en\/wp-json\/wp\/v2\/pages"}],"about":[{"href":"https:\/\/christiantenzler.com\/en\/wp-json\/wp\/v2\/types\/page"}],"author":[{"embeddable":true,"href":"https:\/\/christiantenzler.com\/en\/wp-json\/wp\/v2\/users\/1"}],"replies":[{"embeddable":true,"href":"https:\/\/christiantenzler.com\/en\/wp-json\/wp\/v2\/comments?post=438"}],"version-history":[{"count":4,"href":"https:\/\/christiantenzler.com\/en\/wp-json\/wp\/v2\/pages\/438\/revisions"}],"predecessor-version":[{"id":443,"href":"https:\/\/christiantenzler.com\/en\/wp-json\/wp\/v2\/pages\/438\/revisions\/443"}],"wp:attachment":[{"href":"https:\/\/christiantenzler.com\/en\/wp-json\/wp\/v2\/media?parent=438"}],"curies":[{"name":"wp","href":"https:\/\/api.w.org\/{rel}","templated":true}]}}